{"id":2,"date":"2023-01-02T18:15:42","date_gmt":"2023-01-02T18:15:42","guid":{"rendered":"https:\/\/trattoriatopolino.com\/?page_id=2"},"modified":"2023-01-28T17:21:14","modified_gmt":"2023-01-28T17:21:14","slug":"sample-page","status":"publish","type":"page","link":"https:\/\/trattoriatopolino.com\/?page_id=2","title":{"rendered":"Trattor\u00eda Topolino"},"content":{"rendered":"<div class='flex_column av-rri-a39449434b571627e0abd14b571bc1d0 av_one_full  avia-builder-el-0  el_before_av_one_third  avia-builder-el-first  first flex_column_div '     ><section  class='av_textblock_section av-6a7y-227269525c987b908427f30399688120'  itemscope=\"itemscope\" itemtype=\"https:\/\/schema.org\/CreativeWork\" ><div class='avia_textblock'  itemprop=\"text\" ><blockquote>\n<p><span style=\"font-weight: 400;\">Trattoria Topolino es como su nombre indica una trattoria, un restaurante tradicional tipicamente italiano, cercano y familiar, algo as\u00ed como una casa de comidas. En Italia son muchas las que se pueden encontrar en las calles y en los rincones de la parte antigua de las ciudades . Antiguamente era un sitio d\u00f3nde se serv\u00eda vino, el equivalente a la taberna popular.<\/span><\/p>\n<\/blockquote>\n<p><span style=\"font-weight: 400;\">Y el simp\u00e1tico \u00abtopolino\u00bb circulando por las carreteras de la Italia de mediados del siglo xx representa esa cultura popular italiana tan apreciada en las mesas en todo el mundo.<\/span><\/p>\n<\/div><\/section><\/div><div class='flex_column av-3rei-c6de3201181f1cf852590908ca80c9cf av_one_third  avia-builder-el-2  el_after_av_one_full  el_before_av_one_third  first flex_column_div column-top-margin'     ><style type=\"text\/css\" data-created_by=\"avia_inline_auto\" id=\"style-css-av-ldg5vnd5-918cf65b767a98ccb03bac73414027a3\">\n.avia-image-container.av-ldg5vnd5-918cf65b767a98ccb03bac73414027a3 img.avia_image{\nbox-shadow:none;\n}\n.avia-image-container.av-ldg5vnd5-918cf65b767a98ccb03bac73414027a3 .av-image-caption-overlay-center{\ncolor:#ffffff;\n}\n<\/style>\n<div  class='avia-image-container av-ldg5vnd5-918cf65b767a98ccb03bac73414027a3 av-styling- avia-align-center  avia-builder-el-3  avia-builder-el-no-sibling '   itemprop=\"image\" itemscope=\"itemscope\" itemtype=\"https:\/\/schema.org\/ImageObject\" ><div class=\"avia-image-container-inner\"><div class=\"avia-image-overlay-wrap\"><img decoding=\"async\" class='wp-image-621 avia-img-lazy-loading-not-621 avia_image ' src=\"https:\/\/trattoriatopolino.com\/wp-content\/uploads\/2023\/01\/sofia_loren_cocinando_pasta_trattoria_topolino_bilbao-300x300.jpg\" alt='' title='sofia_loren_cocinando_pasta_trattoria_topolino_bilbao'  height=\"300\" width=\"300\"  itemprop=\"thumbnailUrl\" srcset=\"https:\/\/trattoriatopolino.com\/wp-content\/uploads\/2023\/01\/sofia_loren_cocinando_pasta_trattoria_topolino_bilbao-300x300.jpg 300w, https:\/\/trattoriatopolino.com\/wp-content\/uploads\/2023\/01\/sofia_loren_cocinando_pasta_trattoria_topolino_bilbao-80x80.jpg 80w, https:\/\/trattoriatopolino.com\/wp-content\/uploads\/2023\/01\/sofia_loren_cocinando_pasta_trattoria_topolino_bilbao-36x36.jpg 36w, https:\/\/trattoriatopolino.com\/wp-content\/uploads\/2023\/01\/sofia_loren_cocinando_pasta_trattoria_topolino_bilbao-180x180.jpg 180w, https:\/\/trattoriatopolino.com\/wp-content\/uploads\/2023\/01\/sofia_loren_cocinando_pasta_trattoria_topolino_bilbao.jpg 680w\" sizes=\"(max-width: 300px) 100vw, 300px\" \/><\/div><\/div><\/div><\/div><\/p>\n<div class='flex_column av-4rtc-c9488d2feac054e4845337e84fb62c15 av_one_third  avia-builder-el-4  el_after_av_one_third  el_before_av_one_third  flex_column_div column-top-margin'     ><p>\n<style type=\"text\/css\" data-created_by=\"avia_inline_auto\" id=\"style-css-av-ldg6viox-9a97c550e7b1b8fa47f723de49b2af56\">\n.avia-image-container.av-ldg6viox-9a97c550e7b1b8fa47f723de49b2af56 img.avia_image{\nbox-shadow:none;\n}\n.avia-image-container.av-ldg6viox-9a97c550e7b1b8fa47f723de49b2af56 .av-image-caption-overlay-center{\ncolor:#ffffff;\n}\n<\/style>\n<div  class='avia-image-container av-ldg6viox-9a97c550e7b1b8fa47f723de49b2af56 av-styling- avia-align-center  avia-builder-el-5  el_before_av_textblock  avia-builder-el-first '   itemprop=\"image\" itemscope=\"itemscope\" itemtype=\"https:\/\/schema.org\/ImageObject\" ><div class=\"avia-image-container-inner\"><div class=\"avia-image-overlay-wrap\"><img decoding=\"async\" class='wp-image-625 avia-img-lazy-loading-not-625 avia_image ' src=\"https:\/\/trattoriatopolino.com\/wp-content\/uploads\/2023\/01\/trattoria_toplino_bilbao_Jack-lemmon_el_apartamento_pasta-300x225.jpg\" alt='' title='trattoria_toplino_bilbao_Jack lemmon_el_apartamento_pasta'  height=\"225\" width=\"300\"  itemprop=\"thumbnailUrl\" srcset=\"https:\/\/trattoriatopolino.com\/wp-content\/uploads\/2023\/01\/trattoria_toplino_bilbao_Jack-lemmon_el_apartamento_pasta-300x225.jpg 300w, https:\/\/trattoriatopolino.com\/wp-content\/uploads\/2023\/01\/trattoria_toplino_bilbao_Jack-lemmon_el_apartamento_pasta.jpg 680w\" sizes=\"(max-width: 300px) 100vw, 300px\" \/><\/div><\/div><\/div><br \/>\n<section  class='av_textblock_section av-2h08-f21d30221fa0b93077aa5b02095ef7ab'  itemscope=\"itemscope\" itemtype=\"https:\/\/schema.org\/CreativeWork\" ><div class='avia_textblock'  itemprop=\"text\" ><p>Pulsa aqu\u00ed para a\u00f1adir un texto<\/p>\n<\/div><\/section><br \/>\n\n<style type=\"text\/css\" data-created_by=\"avia_inline_auto\" id=\"style-css-av-ldg5szhy-05a17cc83ae158756dd595e32d2a282b\">\n.avia-image-container.av-ldg5szhy-05a17cc83ae158756dd595e32d2a282b img.avia_image{\nbox-shadow:none;\n}\n.avia-image-container.av-ldg5szhy-05a17cc83ae158756dd595e32d2a282b .av-image-caption-overlay-center{\ncolor:#ffffff;\n}\n<\/style>\n<div  class='avia-image-container av-ldg5szhy-05a17cc83ae158756dd595e32d2a282b av-styling- avia-align-center  avia-builder-el-7  el_after_av_textblock  avia-builder-el-last '   itemprop=\"image\" itemscope=\"itemscope\" itemtype=\"https:\/\/schema.org\/ImageObject\" ><div class=\"avia-image-container-inner\"><div class=\"avia-image-overlay-wrap\"><img decoding=\"async\" class='avia-img-lazy-loading-not- avia_image ' src=\"https:\/\/trattoriatopolino.com\/wp-content\/uploads\/2023\/01\/trattoria_toplino_bilbao_buster_keaton_el_apartamento_pasta-300x225.jpg\" alt='' title=''   itemprop=\"thumbnailUrl\"  \/><\/div><\/div><\/div><\/p><\/div>\n<div class='flex_column av-2equ-9abd3b08756d9cddf4cc6941946d7a03 av_one_third  avia-builder-el-8  el_after_av_one_third  el_before_av_one_full  flex_column_div column-top-margin'     ><style type=\"text\/css\" data-created_by=\"avia_inline_auto\" id=\"style-css-av-ldg727va-a6ab67bc99ee5c95760fd325e8b17ec6\">\n.avia-image-container.av-ldg727va-a6ab67bc99ee5c95760fd325e8b17ec6 img.avia_image{\nbox-shadow:none;\n}\n.avia-image-container.av-ldg727va-a6ab67bc99ee5c95760fd325e8b17ec6 .av-image-caption-overlay-center{\ncolor:#ffffff;\n}\n<\/style>\n<div  class='avia-image-container av-ldg727va-a6ab67bc99ee5c95760fd325e8b17ec6 av-styling- avia-align-center  avia-builder-el-9  avia-builder-el-no-sibling '   itemprop=\"image\" itemscope=\"itemscope\" itemtype=\"https:\/\/schema.org\/ImageObject\" ><div class=\"avia-image-container-inner\"><div class=\"avia-image-overlay-wrap\"><img decoding=\"async\" class='wp-image-627 avia-img-lazy-loading-not-627 avia_image ' src=\"https:\/\/trattoriatopolino.com\/wp-content\/uploads\/2023\/01\/sean_conery_comiendo_pasta-300x300.jpg\" alt='' title='sean_conery_comiendo_pasta'  height=\"300\" width=\"300\"  itemprop=\"thumbnailUrl\" srcset=\"https:\/\/trattoriatopolino.com\/wp-content\/uploads\/2023\/01\/sean_conery_comiendo_pasta-300x300.jpg 300w, https:\/\/trattoriatopolino.com\/wp-content\/uploads\/2023\/01\/sean_conery_comiendo_pasta-80x80.jpg 80w, https:\/\/trattoriatopolino.com\/wp-content\/uploads\/2023\/01\/sean_conery_comiendo_pasta-36x36.jpg 36w, https:\/\/trattoriatopolino.com\/wp-content\/uploads\/2023\/01\/sean_conery_comiendo_pasta-180x180.jpg 180w, https:\/\/trattoriatopolino.com\/wp-content\/uploads\/2023\/01\/sean_conery_comiendo_pasta.jpg 680w\" sizes=\"(max-width: 300px) 100vw, 300px\" \/><\/div><\/div><\/div><\/div>\n<div class='flex_column av-3v1c-bfca63513b1b72d8a53eaf105680c8b9 av_one_full  avia-builder-el-10  el_after_av_one_third  avia-builder-el-last  first flex_column_div column-top-margin'     ><section  class='av_textblock_section av-ldg7rp70-54a785e03e6b509e8d9ec9f0ae7d5fc2'  itemscope=\"itemscope\" itemtype=\"https:\/\/schema.org\/CreativeWork\" ><div class='avia_textblock'  itemprop=\"text\" ><blockquote>\n<p>BUON APPETITO<\/p>\n<p>&#8230;Adem\u00e1s como nos encanta el cine, tedr\u00e1s la posibilidad de ver pel\u00edculas que se han hecho un hueco en el cine con la gastronom\u00eda:<\/p>\n<p><span style=\"font-weight: 400;\">Los espagueti all\u2019aglio e olio colados con una raqueta de tenis en El Apartamento. \u00a1Que levante la mano quien alguna vez no haya estado tentado de actuar como Jack Lemmon!<\/span><\/p>\n<\/blockquote>\n<p><span style=\"font-weight: 400;\">Recordamos a Sean Connery comiendo spaghetti. Porque\u2026\u00bfHay algo mejor que un buen plato de spaghetti acompa\u00f1ados de una copa\/botella de Chianti?<\/span><\/p>\n<p>Y como dijo la actriz <strong>Sofia Loren<\/strong> \u00bb Prefiero comer pasta y tomar vino que ser talla 0\u201d Sophia Loren. Mi doctrina de todos los veranos.<\/p>\n<\/div><\/section><\/div>\n","protected":false},"excerpt":{"rendered":"","protected":false},"author":1,"featured_media":0,"parent":0,"menu_order":0,"comment_status":"closed","ping_status":"open","template":"","meta":{"footnotes":""},"class_list":["post-2","page","type-page","status-publish","hentry"],"yoast_head":"<!-- This site is optimized with the Yoast SEO plugin v25.2 - https:\/\/yoast.com\/wordpress\/plugins\/seo\/ -->\n<title>Trattor\u00eda Topolino - Trattoria Topolino<\/title>\n<meta name=\"robots\" content=\"index, follow, max-snippet:-1, max-image-preview:large, max-video-preview:-1\" \/>\n<link rel=\"canonical\" href=\"https:\/\/trattoriatopolino.com\/?page_id=2\" \/>\n<meta property=\"og:locale\" content=\"es_ES\" \/>\n<meta property=\"og:type\" content=\"article\" \/>\n<meta property=\"og:title\" content=\"Trattor\u00eda Topolino - Trattoria Topolino\" \/>\n<meta property=\"og:url\" content=\"https:\/\/trattoriatopolino.com\/?page_id=2\" \/>\n<meta property=\"og:site_name\" content=\"Trattoria Topolino\" \/>\n<meta property=\"article:modified_time\" content=\"2023-01-28T17:21:14+00:00\" \/>\n<meta name=\"twitter:card\" content=\"summary_large_image\" \/>\n<meta name=\"twitter:label1\" content=\"Tiempo de lectura\" \/>\n\t<meta name=\"twitter:data1\" content=\"19 minutos\" \/>\n<script type=\"application\/ld+json\" class=\"yoast-schema-graph\">{\"@context\":\"https:\/\/schema.org\",\"@graph\":[{\"@type\":\"WebPage\",\"@id\":\"https:\/\/trattoriatopolino.com\/?page_id=2\",\"url\":\"https:\/\/trattoriatopolino.com\/?page_id=2\",\"name\":\"Trattor\u00eda Topolino - Trattoria Topolino\",\"isPartOf\":{\"@id\":\"https:\/\/trattoriatopolino.com\/#website\"},\"datePublished\":\"2023-01-02T18:15:42+00:00\",\"dateModified\":\"2023-01-28T17:21:14+00:00\",\"breadcrumb\":{\"@id\":\"https:\/\/trattoriatopolino.com\/?page_id=2#breadcrumb\"},\"inLanguage\":\"es\",\"potentialAction\":[{\"@type\":\"ReadAction\",\"target\":[\"https:\/\/trattoriatopolino.com\/?page_id=2\"]}]},{\"@type\":\"BreadcrumbList\",\"@id\":\"https:\/\/trattoriatopolino.com\/?page_id=2#breadcrumb\",\"itemListElement\":[{\"@type\":\"ListItem\",\"position\":1,\"name\":\"Portada\",\"item\":\"https:\/\/trattoriatopolino.com\/\"},{\"@type\":\"ListItem\",\"position\":2,\"name\":\"Trattor\u00eda Topolino\"}]},{\"@type\":\"WebSite\",\"@id\":\"https:\/\/trattoriatopolino.com\/#website\",\"url\":\"https:\/\/trattoriatopolino.com\/\",\"name\":\"Trattoria Topolino\",\"description\":\"Restaurante italiano del Casco Viejo de Bilbao\",\"potentialAction\":[{\"@type\":\"SearchAction\",\"target\":{\"@type\":\"EntryPoint\",\"urlTemplate\":\"https:\/\/trattoriatopolino.com\/?s={search_term_string}\"},\"query-input\":{\"@type\":\"PropertyValueSpecification\",\"valueRequired\":true,\"valueName\":\"search_term_string\"}}],\"inLanguage\":\"es\"}]}<\/script>\n<!-- \/ Yoast SEO plugin. -->","yoast_head_json":{"title":"Trattor\u00eda Topolino - Trattoria Topolino","robots":{"index":"index","follow":"follow","max-snippet":"max-snippet:-1","max-image-preview":"max-image-preview:large","max-video-preview":"max-video-preview:-1"},"canonical":"https:\/\/trattoriatopolino.com\/?page_id=2","og_locale":"es_ES","og_type":"article","og_title":"Trattor\u00eda Topolino - Trattoria Topolino","og_url":"https:\/\/trattoriatopolino.com\/?page_id=2","og_site_name":"Trattoria Topolino","article_modified_time":"2023-01-28T17:21:14+00:00","twitter_card":"summary_large_image","twitter_misc":{"Tiempo de lectura":"19 minutos"},"schema":{"@context":"https:\/\/schema.org","@graph":[{"@type":"WebPage","@id":"https:\/\/trattoriatopolino.com\/?page_id=2","url":"https:\/\/trattoriatopolino.com\/?page_id=2","name":"Trattor\u00eda Topolino - Trattoria Topolino","isPartOf":{"@id":"https:\/\/trattoriatopolino.com\/#website"},"datePublished":"2023-01-02T18:15:42+00:00","dateModified":"2023-01-28T17:21:14+00:00","breadcrumb":{"@id":"https:\/\/trattoriatopolino.com\/?page_id=2#breadcrumb"},"inLanguage":"es","potentialAction":[{"@type":"ReadAction","target":["https:\/\/trattoriatopolino.com\/?page_id=2"]}]},{"@type":"BreadcrumbList","@id":"https:\/\/trattoriatopolino.com\/?page_id=2#breadcrumb","itemListElement":[{"@type":"ListItem","position":1,"name":"Portada","item":"https:\/\/trattoriatopolino.com\/"},{"@type":"ListItem","position":2,"name":"Trattor\u00eda Topolino"}]},{"@type":"WebSite","@id":"https:\/\/trattoriatopolino.com\/#website","url":"https:\/\/trattoriatopolino.com\/","name":"Trattoria Topolino","description":"Restaurante italiano del Casco Viejo de Bilbao","potentialAction":[{"@type":"SearchAction","target":{"@type":"EntryPoint","urlTemplate":"https:\/\/trattoriatopolino.com\/?s={search_term_string}"},"query-input":{"@type":"PropertyValueSpecification","valueRequired":true,"valueName":"search_term_string"}}],"inLanguage":"es"}]}},"_links":{"self":[{"href":"https:\/\/trattoriatopolino.com\/index.php?rest_route=\/wp\/v2\/pages\/2","targetHints":{"allow":["GET"]}}],"collection":[{"href":"https:\/\/trattoriatopolino.com\/index.php?rest_route=\/wp\/v2\/pages"}],"about":[{"href":"https:\/\/trattoriatopolino.com\/index.php?rest_route=\/wp\/v2\/types\/page"}],"author":[{"embeddable":true,"href":"https:\/\/trattoriatopolino.com\/index.php?rest_route=\/wp\/v2\/users\/1"}],"replies":[{"embeddable":true,"href":"https:\/\/trattoriatopolino.com\/index.php?rest_route=%2Fwp%2Fv2%2Fcomments&post=2"}],"version-history":[{"count":18,"href":"https:\/\/trattoriatopolino.com\/index.php?rest_route=\/wp\/v2\/pages\/2\/revisions"}],"predecessor-version":[{"id":646,"href":"https:\/\/trattoriatopolino.com\/index.php?rest_route=\/wp\/v2\/pages\/2\/revisions\/646"}],"wp:attachment":[{"href":"https:\/\/trattoriatopolino.com\/index.php?rest_route=%2Fwp%2Fv2%2Fmedia&parent=2"}],"curies":[{"name":"wp","href":"https:\/\/api.w.org\/{rel}","templated":true}]}}